{"id":9,"date":"2016-10-03T18:06:41","date_gmt":"2016-10-03T16:06:41","guid":{"rendered":"http:\/\/localhost\/itmaint\/?page_id=9"},"modified":"2017-01-03T16:48:08","modified_gmt":"2017-01-03T15:48:08","slug":"web-agency-alessandria","status":"publish","type":"page","link":"https:\/\/www.itmaint.it\/it\/web-agency-alessandria\/","title":{"rendered":"Web Agency"},"content":{"rendered":"<p>Realizziamo siti web ottimizzati per convertire le visite in contatti. I siti web che realizziamo per i nostri clienti non sono semplici vetrine ma sono progetti professionali costruiti su misura per le esigenze dell&#8217;azienda.<\/p>\n<p class=\"evidence\">Possiamo realizzare siti web altamente professionali e completamente personalizzabili che renderanno la tua presenza sul web migliore e la tua attivit\u00e0 maggiormente riconoscibile.<\/p>\n<p>Il sito internet che possiamo fornirti avr\u00e0 le seguenti caratteristiche base:<\/p>\n<ul>\n<li>gestione autonoma dei contenuti da perte degli utenti,<\/li>\n<li>grafica personalzzata,<\/li>\n<li>ottimizzazione per i motori di ricerca,<\/li>\n<li>modulo di contatto.<\/li>\n<\/ul>\n<h2>Siti web tradizionali e siti eCommerce.<\/h2>\n<p>Visitando il sito web di un&#8217;azienda siamo portati a trarre autoamticamente e inconsciamente conclusioni sull&#8217;azienda stessa. Un sito web dal design trascurato, con testi poco leggibili su smartphone e tablet e sezioni che magari non vengono visualizzate perch\u00e8 realizzate con codici di programmazione obsoleti non trasmetto un&#8217;immagine professionale. Difficilmente contatteremo il proprietario di un sito simile.<\/p>\n<p>Questa \u00e8 per\u00f2 un&#8217;occasione persa perch\u00e8 oggi tutti effettuano ricerche di fornitori, collaboratori o negozi via web. Oppure, spesso, dopo aver incontrato un potenziale fornitore molti cercano il suo sito per approfondire ci\u00f2 che pu\u00f2 fare&#8230;<\/p>\n<p>In tutti questi casi<strong> chi ha un sito web moderno ha l&#8217;occasione di essere contattato via web e acquisire un nuovo cliente.<\/strong><\/p>\n<p class=\"evidence\">IT Maint realizza siti web per aiutare le aziende a presentare i loro servizi o prodotti con eleganza, professionalit\u00e0 e chiarezza.<\/p>\n<h3>Il sito eCommerce che ti forniremo.<\/h3>\n<p>Non tutti gli eCommerce sono uguali e per rendere l&#8217;operativit\u00e0 di un&#8217;azineda davvero efficiente \u00e8 importante affidarci ad un sito eCommerce di qualit\u00e0. Il sito che ti possiamo fornire prevede aspetti che permetto di automatizzare ogni step digitale e rendere rapidi e sempilci gli interventi dell&#8217;utente.<\/p>\n<p class=\"evidence\"><strong>I vantaggi.<\/strong> Con il nostro eCommerce \u00e8 possibile <strong>realizzare velocemente sconti<\/strong> temporanei e applicarli a determinate categorie di prodotto oltre che sul singolo articolo. La gestione degli ordini \u00e8 rapida e permette la <strong>possibilit\u00e0 di tracciamento del collo<\/strong> da parte degli acquirenti. E&#8217; anche possibile <strong>attivare buoni sconto o coupon a seguito di un monte spesa<\/strong> raggiunto dal cliente.<\/p>\n<h2>L&#8217;eCommerce collegato al tuo software gestionale.<\/h2>\n<p><strong>Possiamo far interagire il tuo sito eCommerce con il software gestionale<\/strong>. In questo modo potrai ridurre i tempi di lavoro non dovendo ripetere le stesse azioni manualmente sia sul gestionale che sul sito web. Potrai gestire ad esmpio le disponibilit\u00e0 di magazzino del tuo negozio elettronico direttamente dal tuo gestionale.<\/p>\n","protected":false},"excerpt":{"rendered":"<p>Realizziamo siti web ottimizzati per convertire le visite in contatti. I siti web che realizziamo per i nostri clienti non &hellip; <a href=\"https:\/\/www.itmaint.it\/it\/web-agency-alessandria\/\" class=\"more-link\">Leggi tutto<span class=\"screen-reader-text\"> &#8220;Web Agency&#8221;<\/span><\/a><\/p>\n","protected":false},"author":1,"featured_media":0,"parent":0,"menu_order":0,"comment_status":"closed","ping_status":"closed","template":"page_withIMG.php","meta":[],"acf":[],"yoast_head":"<!-- This site is optimized with the Yoast SEO plugin v19.4 - https:\/\/yoast.com\/wordpress\/plugins\/seo\/ -->\n<title>IT Maint | Web agency di Alessandria | ECommerce e software gestionale.<\/title>\n<meta name=\"description\" content=\"Realizziamo siti web ottimizzati per convertire le visite in contatti. Ci\u00f2 consegnamo ai nostri clienti sono progetti professionali costruiti su misura.\" \/>\n<meta name=\"robots\" content=\"index, follow, max-snippet:-1, max-image-preview:large, max-video-preview:-1\" \/>\n<link rel=\"canonical\" href=\"https:\/\/www.itmaint.it\/it\/web-agency-alessandria\/\" \/>\n<meta property=\"og:locale\" content=\"it_IT\" \/>\n<meta property=\"og:type\" content=\"article\" \/>\n<meta property=\"og:title\" content=\"IT Maint | Web agency di Alessandria | ECommerce e software gestionale.\" \/>\n<meta property=\"og:description\" content=\"Realizziamo siti web ottimizzati per convertire le visite in contatti. Ci\u00f2 consegnamo ai nostri clienti sono progetti professionali costruiti su misura.\" \/>\n<meta property=\"og:url\" content=\"https:\/\/www.itmaint.it\/it\/web-agency-alessandria\/\" \/>\n<meta property=\"article:modified_time\" content=\"2017-01-03T15:48:08+00:00\" \/>\n<meta name=\"twitter:card\" content=\"summary\" \/>\n<meta name=\"twitter:label1\" content=\"Tempo di lettura stimato\" \/>\n\t<meta name=\"twitter:data1\" content=\"2 minuti\" \/>\n<script type=\"application\/ld+json\" class=\"yoast-schema-graph\">{\"@context\":\"https:\/\/schema.org\",\"@graph\":[{\"@type\":\"Organization\",\"@id\":\"https:\/\/www.itmaint.it\/it\/#organization\",\"name\":\"IT Maint\",\"url\":\"https:\/\/www.itmaint.it\/it\/\",\"sameAs\":[],\"logo\":{\"@type\":\"ImageObject\",\"inLanguage\":\"it-IT\",\"@id\":\"https:\/\/www.itmaint.it\/it\/#\/schema\/logo\/image\/\",\"url\":\"https:\/\/www.itmaint.it\/it\/wp-content\/uploads\/2016\/12\/logo_ItMaint_3.png\",\"contentUrl\":\"https:\/\/www.itmaint.it\/it\/wp-content\/uploads\/2016\/12\/logo_ItMaint_3.png\",\"width\":353,\"height\":65,\"caption\":\"IT Maint\"},\"image\":{\"@id\":\"https:\/\/www.itmaint.it\/it\/#\/schema\/logo\/image\/\"}},{\"@type\":\"WebSite\",\"@id\":\"https:\/\/www.itmaint.it\/it\/#website\",\"url\":\"https:\/\/www.itmaint.it\/it\/\",\"name\":\"\",\"description\":\"Software gestionali, networking, web agency.\",\"publisher\":{\"@id\":\"https:\/\/www.itmaint.it\/it\/#organization\"},\"potentialAction\":[{\"@type\":\"SearchAction\",\"target\":{\"@type\":\"EntryPoint\",\"urlTemplate\":\"https:\/\/www.itmaint.it\/it\/?s={search_term_string}\"},\"query-input\":\"required name=search_term_string\"}],\"inLanguage\":\"it-IT\"},{\"@type\":\"WebPage\",\"@id\":\"https:\/\/www.itmaint.it\/it\/web-agency-alessandria\/\",\"url\":\"https:\/\/www.itmaint.it\/it\/web-agency-alessandria\/\",\"name\":\"IT Maint | Web agency di Alessandria | ECommerce e software gestionale.\",\"isPartOf\":{\"@id\":\"https:\/\/www.itmaint.it\/it\/#website\"},\"datePublished\":\"2016-10-03T16:06:41+00:00\",\"dateModified\":\"2017-01-03T15:48:08+00:00\",\"description\":\"Realizziamo siti web ottimizzati per convertire le visite in contatti. Ci\u00f2 consegnamo ai nostri clienti sono progetti professionali costruiti su misura.\",\"breadcrumb\":{\"@id\":\"https:\/\/www.itmaint.it\/it\/web-agency-alessandria\/#breadcrumb\"},\"inLanguage\":\"it-IT\",\"potentialAction\":[{\"@type\":\"ReadAction\",\"target\":[\"https:\/\/www.itmaint.it\/it\/web-agency-alessandria\/\"]}]},{\"@type\":\"BreadcrumbList\",\"@id\":\"https:\/\/www.itmaint.it\/it\/web-agency-alessandria\/#breadcrumb\",\"itemListElement\":[{\"@type\":\"ListItem\",\"position\":1,\"name\":\"Home\",\"item\":\"https:\/\/www.itmaint.it\/it\/\"},{\"@type\":\"ListItem\",\"position\":2,\"name\":\"Web Agency\"}]}]}<\/script>\n<!-- \/ Yoast SEO plugin. -->","yoast_head_json":{"title":"IT Maint | Web agency di Alessandria | ECommerce e software gestionale.","description":"Realizziamo siti web ottimizzati per convertire le visite in contatti. Ci\u00f2 consegnamo ai nostri clienti sono progetti professionali costruiti su misura.","robots":{"index":"index","follow":"follow","max-snippet":"max-snippet:-1","max-image-preview":"max-image-preview:large","max-video-preview":"max-video-preview:-1"},"canonical":"https:\/\/www.itmaint.it\/it\/web-agency-alessandria\/","og_locale":"it_IT","og_type":"article","og_title":"IT Maint | Web agency di Alessandria | ECommerce e software gestionale.","og_description":"Realizziamo siti web ottimizzati per convertire le visite in contatti. Ci\u00f2 consegnamo ai nostri clienti sono progetti professionali costruiti su misura.","og_url":"https:\/\/www.itmaint.it\/it\/web-agency-alessandria\/","article_modified_time":"2017-01-03T15:48:08+00:00","twitter_card":"summary","twitter_misc":{"Tempo di lettura stimato":"2 minuti"},"schema":{"@context":"https:\/\/schema.org","@graph":[{"@type":"Organization","@id":"https:\/\/www.itmaint.it\/it\/#organization","name":"IT Maint","url":"https:\/\/www.itmaint.it\/it\/","sameAs":[],"logo":{"@type":"ImageObject","inLanguage":"it-IT","@id":"https:\/\/www.itmaint.it\/it\/#\/schema\/logo\/image\/","url":"https:\/\/www.itmaint.it\/it\/wp-content\/uploads\/2016\/12\/logo_ItMaint_3.png","contentUrl":"https:\/\/www.itmaint.it\/it\/wp-content\/uploads\/2016\/12\/logo_ItMaint_3.png","width":353,"height":65,"caption":"IT Maint"},"image":{"@id":"https:\/\/www.itmaint.it\/it\/#\/schema\/logo\/image\/"}},{"@type":"WebSite","@id":"https:\/\/www.itmaint.it\/it\/#website","url":"https:\/\/www.itmaint.it\/it\/","name":"","description":"Software gestionali, networking, web agency.","publisher":{"@id":"https:\/\/www.itmaint.it\/it\/#organization"},"potentialAction":[{"@type":"SearchAction","target":{"@type":"EntryPoint","urlTemplate":"https:\/\/www.itmaint.it\/it\/?s={search_term_string}"},"query-input":"required name=search_term_string"}],"inLanguage":"it-IT"},{"@type":"WebPage","@id":"https:\/\/www.itmaint.it\/it\/web-agency-alessandria\/","url":"https:\/\/www.itmaint.it\/it\/web-agency-alessandria\/","name":"IT Maint | Web agency di Alessandria | ECommerce e software gestionale.","isPartOf":{"@id":"https:\/\/www.itmaint.it\/it\/#website"},"datePublished":"2016-10-03T16:06:41+00:00","dateModified":"2017-01-03T15:48:08+00:00","description":"Realizziamo siti web ottimizzati per convertire le visite in contatti. Ci\u00f2 consegnamo ai nostri clienti sono progetti professionali costruiti su misura.","breadcrumb":{"@id":"https:\/\/www.itmaint.it\/it\/web-agency-alessandria\/#breadcrumb"},"inLanguage":"it-IT","potentialAction":[{"@type":"ReadAction","target":["https:\/\/www.itmaint.it\/it\/web-agency-alessandria\/"]}]},{"@type":"BreadcrumbList","@id":"https:\/\/www.itmaint.it\/it\/web-agency-alessandria\/#breadcrumb","itemListElement":[{"@type":"ListItem","position":1,"name":"Home","item":"https:\/\/www.itmaint.it\/it\/"},{"@type":"ListItem","position":2,"name":"Web Agency"}]}]}},"_links":{"self":[{"href":"https:\/\/www.itmaint.it\/it\/wp-json\/wp\/v2\/pages\/9"}],"collection":[{"href":"https:\/\/www.itmaint.it\/it\/wp-json\/wp\/v2\/pages"}],"about":[{"href":"https:\/\/www.itmaint.it\/it\/wp-json\/wp\/v2\/types\/page"}],"author":[{"embeddable":true,"href":"https:\/\/www.itmaint.it\/it\/wp-json\/wp\/v2\/users\/1"}],"replies":[{"embeddable":true,"href":"https:\/\/www.itmaint.it\/it\/wp-json\/wp\/v2\/comments?post=9"}],"version-history":[{"count":11,"href":"https:\/\/www.itmaint.it\/it\/wp-json\/wp\/v2\/pages\/9\/revisions"}],"predecessor-version":[{"id":115,"href":"https:\/\/www.itmaint.it\/it\/wp-json\/wp\/v2\/pages\/9\/revisions\/115"}],"wp:attachment":[{"href":"https:\/\/www.itmaint.it\/it\/wp-json\/wp\/v2\/media?parent=9"}],"curies":[{"name":"wp","href":"https:\/\/api.w.org\/{rel}","templated":true}]}}