{"id":7,"date":"2016-10-03T18:05:55","date_gmt":"2016-10-03T16:05:55","guid":{"rendered":"http:\/\/localhost\/itmaint\/?page_id=7"},"modified":"2017-01-03T16:45:50","modified_gmt":"2017-01-03T15:45:50","slug":"software-gestionali-passepartout","status":"publish","type":"page","link":"https:\/\/www.itmaint.it\/it\/software-gestionali-passepartout\/","title":{"rendered":"Software gestionali Passepartout"},"content":{"rendered":"<p>Passpartout Mexal \u00e8 una delle soluzioni <strong>software gestionali di magazzino e contabilit\u00e0<\/strong> pi\u00f9 diffuse in Italia.<\/p>\n<p>Puoi gestire contabilit\u00e0, bilanci e magazzino di una o pi\u00f9 aziende risparmiando fino al 60% di tempo rispetto alla tua normale attivit\u00e0 lavorativa.<\/p>\n<p class=\"evidence\"><strong> Pi\u00f9 di 22.000 installazioni attive<\/strong> in Italia lo rendono il gestionale ideale per le imprese. Il software gestionale \u00e8 personalizzabile in base al settore lavorativo, alle esigenze dei clienti o dei reparti di un&#8217;azienda. Ciascuna reparto o ufficio pu\u00f2 essere dotato di un <strong>differente terminale con funzioni specifiche<\/strong>.<\/p>\n<p class=\"evidence\">Il software gestionale Passepartout offre la possibilit\u00e0 di differenziale le visualizzazioni e le sezioni soddisfando le specifiche esigenze dei diversi reparti aziendali o degli utenti. Questo \u00e8 permesso dagli iDesk che offrono differenti caratteristiche sulla stessa installazione.<\/p>\n<h3>Software gestionale per le imprese.<\/h3>\n<p><iframe loading=\"lazy\" src=\"https:\/\/www.youtube.com\/embed\/5KHcOQaQQEU\" width=\"560\" height=\"315\" frameborder=\"0\" allowfullscreen=\"allowfullscreen\"><\/iframe><\/p>\n<h3>Software gestionale versione CONTABILE.<\/h3>\n<p>Questa versione di Passepartout offre la Prima Nota, l&#8217;IVA, lo scadenzario clienti e fornitori, la ritenuta d\u2019acconto, i bilanci, gli ammortamenti, ratei e risconti ma non si occupa della gestione magazzino.<\/p>\n<h3>Software gestionale versione SOLUTION.<\/h3>\n<p>E&#8217; un <strong>programma gestione magazzino<\/strong> in grado di effettuare preventivi, ordini, acquisti, vendite e movimentazioni, gestisce peso netto e tara, taglie, imballi, articoli strutturati, lotti e rintracciabilit\u00e0. Non include la la contabilit\u00e0 ma\u00a0pu\u00f2 aggiornare la Prima Nota.<\/p>\n<h3>Software gestionale versione AZIENDALE.<\/h3>\n<p>Raggruppa le precedenti configurazioni del software gestionale CONTABILE e SOLUTION: permette dunque il<strong> controllo delle sezioni contabili e fiscali oltre alla gestione del magazzino<\/strong>. E&#8217; dunque la versione ideale per le aziende che controllano internamente tutte gli aspetti amministrativi.<\/p>\n<h3>Software gestionale versione PRODUZIONE.<\/h3>\n<p>Rivolto a quelle aziende che vogliono controllare il processo produttivo. <strong>Permette la gestione di tutti i processi produttivi<\/strong>: distinta base, fabbisogni ed impegni di magazzino, lavorazioni esterne, documenti di produzione, ecc. Ovviamente include anche la gestione contabile e di magazzino.<\/p>\n","protected":false},"excerpt":{"rendered":"<p>Passpartout Mexal \u00e8 una delle soluzioni software gestionali di magazzino e contabilit\u00e0 pi\u00f9 diffuse in Italia. Puoi gestire contabilit\u00e0, bilanci &hellip; <a href=\"https:\/\/www.itmaint.it\/it\/software-gestionali-passepartout\/\" class=\"more-link\">Leggi tutto<span class=\"screen-reader-text\"> &#8220;Software gestionali Passepartout&#8221;<\/span><\/a><\/p>\n","protected":false},"author":1,"featured_media":0,"parent":0,"menu_order":0,"comment_status":"closed","ping_status":"closed","template":"page_withIMG.php","meta":[],"acf":[],"yoast_head":"<!-- This site is optimized with the Yoast SEO plugin v19.4 - https:\/\/yoast.com\/wordpress\/plugins\/seo\/ -->\n<title>IT Maint: installazione e personalizzazione software gestionali Passepartout<\/title>\n<meta name=\"description\" content=\"Installiamo e personalizziamo per ogni cliente Passpartout Mexal: una delle soluzioni software gestionali pi\u00f9 diffuse in Italia e pi\u00f9 premiate.\" \/>\n<meta name=\"robots\" content=\"index, follow, max-snippet:-1, max-image-preview:large, max-video-preview:-1\" \/>\n<link rel=\"canonical\" href=\"https:\/\/www.itmaint.it\/it\/software-gestionali-passepartout\/\" \/>\n<meta property=\"og:locale\" content=\"it_IT\" \/>\n<meta property=\"og:type\" content=\"article\" \/>\n<meta property=\"og:title\" content=\"IT Maint: installazione e personalizzazione software gestionali Passepartout\" \/>\n<meta property=\"og:description\" content=\"Installiamo e personalizziamo per ogni cliente Passpartout Mexal: una delle soluzioni software gestionali pi\u00f9 diffuse in Italia e pi\u00f9 premiate.\" \/>\n<meta property=\"og:url\" content=\"https:\/\/www.itmaint.it\/it\/software-gestionali-passepartout\/\" \/>\n<meta property=\"article:modified_time\" content=\"2017-01-03T15:45:50+00:00\" \/>\n<meta name=\"twitter:card\" content=\"summary\" \/>\n<meta name=\"twitter:label1\" content=\"Tempo di lettura stimato\" \/>\n\t<meta name=\"twitter:data1\" content=\"1 minuto\" \/>\n<script type=\"application\/ld+json\" class=\"yoast-schema-graph\">{\"@context\":\"https:\/\/schema.org\",\"@graph\":[{\"@type\":\"Organization\",\"@id\":\"https:\/\/www.itmaint.it\/it\/#organization\",\"name\":\"IT Maint\",\"url\":\"https:\/\/www.itmaint.it\/it\/\",\"sameAs\":[],\"logo\":{\"@type\":\"ImageObject\",\"inLanguage\":\"it-IT\",\"@id\":\"https:\/\/www.itmaint.it\/it\/#\/schema\/logo\/image\/\",\"url\":\"https:\/\/www.itmaint.it\/it\/wp-content\/uploads\/2016\/12\/logo_ItMaint_3.png\",\"contentUrl\":\"https:\/\/www.itmaint.it\/it\/wp-content\/uploads\/2016\/12\/logo_ItMaint_3.png\",\"width\":353,\"height\":65,\"caption\":\"IT Maint\"},\"image\":{\"@id\":\"https:\/\/www.itmaint.it\/it\/#\/schema\/logo\/image\/\"}},{\"@type\":\"WebSite\",\"@id\":\"https:\/\/www.itmaint.it\/it\/#website\",\"url\":\"https:\/\/www.itmaint.it\/it\/\",\"name\":\"\",\"description\":\"Software gestionali, networking, web agency.\",\"publisher\":{\"@id\":\"https:\/\/www.itmaint.it\/it\/#organization\"},\"potentialAction\":[{\"@type\":\"SearchAction\",\"target\":{\"@type\":\"EntryPoint\",\"urlTemplate\":\"https:\/\/www.itmaint.it\/it\/?s={search_term_string}\"},\"query-input\":\"required name=search_term_string\"}],\"inLanguage\":\"it-IT\"},{\"@type\":\"WebPage\",\"@id\":\"https:\/\/www.itmaint.it\/it\/software-gestionali-passepartout\/\",\"url\":\"https:\/\/www.itmaint.it\/it\/software-gestionali-passepartout\/\",\"name\":\"IT Maint: installazione e personalizzazione software gestionali Passepartout\",\"isPartOf\":{\"@id\":\"https:\/\/www.itmaint.it\/it\/#website\"},\"datePublished\":\"2016-10-03T16:05:55+00:00\",\"dateModified\":\"2017-01-03T15:45:50+00:00\",\"description\":\"Installiamo e personalizziamo per ogni cliente Passpartout Mexal: una delle soluzioni software gestionali pi\u00f9 diffuse in Italia e pi\u00f9 premiate.\",\"breadcrumb\":{\"@id\":\"https:\/\/www.itmaint.it\/it\/software-gestionali-passepartout\/#breadcrumb\"},\"inLanguage\":\"it-IT\",\"potentialAction\":[{\"@type\":\"ReadAction\",\"target\":[\"https:\/\/www.itmaint.it\/it\/software-gestionali-passepartout\/\"]}]},{\"@type\":\"BreadcrumbList\",\"@id\":\"https:\/\/www.itmaint.it\/it\/software-gestionali-passepartout\/#breadcrumb\",\"itemListElement\":[{\"@type\":\"ListItem\",\"position\":1,\"name\":\"Home\",\"item\":\"https:\/\/www.itmaint.it\/it\/\"},{\"@type\":\"ListItem\",\"position\":2,\"name\":\"Software gestionali Passepartout\"}]}]}<\/script>\n<!-- \/ Yoast SEO plugin. -->","yoast_head_json":{"title":"IT Maint: installazione e personalizzazione software gestionali Passepartout","description":"Installiamo e personalizziamo per ogni cliente Passpartout Mexal: una delle soluzioni software gestionali pi\u00f9 diffuse in Italia e pi\u00f9 premiate.","robots":{"index":"index","follow":"follow","max-snippet":"max-snippet:-1","max-image-preview":"max-image-preview:large","max-video-preview":"max-video-preview:-1"},"canonical":"https:\/\/www.itmaint.it\/it\/software-gestionali-passepartout\/","og_locale":"it_IT","og_type":"article","og_title":"IT Maint: installazione e personalizzazione software gestionali Passepartout","og_description":"Installiamo e personalizziamo per ogni cliente Passpartout Mexal: una delle soluzioni software gestionali pi\u00f9 diffuse in Italia e pi\u00f9 premiate.","og_url":"https:\/\/www.itmaint.it\/it\/software-gestionali-passepartout\/","article_modified_time":"2017-01-03T15:45:50+00:00","twitter_card":"summary","twitter_misc":{"Tempo di lettura stimato":"1 minuto"},"schema":{"@context":"https:\/\/schema.org","@graph":[{"@type":"Organization","@id":"https:\/\/www.itmaint.it\/it\/#organization","name":"IT Maint","url":"https:\/\/www.itmaint.it\/it\/","sameAs":[],"logo":{"@type":"ImageObject","inLanguage":"it-IT","@id":"https:\/\/www.itmaint.it\/it\/#\/schema\/logo\/image\/","url":"https:\/\/www.itmaint.it\/it\/wp-content\/uploads\/2016\/12\/logo_ItMaint_3.png","contentUrl":"https:\/\/www.itmaint.it\/it\/wp-content\/uploads\/2016\/12\/logo_ItMaint_3.png","width":353,"height":65,"caption":"IT Maint"},"image":{"@id":"https:\/\/www.itmaint.it\/it\/#\/schema\/logo\/image\/"}},{"@type":"WebSite","@id":"https:\/\/www.itmaint.it\/it\/#website","url":"https:\/\/www.itmaint.it\/it\/","name":"","description":"Software gestionali, networking, web agency.","publisher":{"@id":"https:\/\/www.itmaint.it\/it\/#organization"},"potentialAction":[{"@type":"SearchAction","target":{"@type":"EntryPoint","urlTemplate":"https:\/\/www.itmaint.it\/it\/?s={search_term_string}"},"query-input":"required name=search_term_string"}],"inLanguage":"it-IT"},{"@type":"WebPage","@id":"https:\/\/www.itmaint.it\/it\/software-gestionali-passepartout\/","url":"https:\/\/www.itmaint.it\/it\/software-gestionali-passepartout\/","name":"IT Maint: installazione e personalizzazione software gestionali Passepartout","isPartOf":{"@id":"https:\/\/www.itmaint.it\/it\/#website"},"datePublished":"2016-10-03T16:05:55+00:00","dateModified":"2017-01-03T15:45:50+00:00","description":"Installiamo e personalizziamo per ogni cliente Passpartout Mexal: una delle soluzioni software gestionali pi\u00f9 diffuse in Italia e pi\u00f9 premiate.","breadcrumb":{"@id":"https:\/\/www.itmaint.it\/it\/software-gestionali-passepartout\/#breadcrumb"},"inLanguage":"it-IT","potentialAction":[{"@type":"ReadAction","target":["https:\/\/www.itmaint.it\/it\/software-gestionali-passepartout\/"]}]},{"@type":"BreadcrumbList","@id":"https:\/\/www.itmaint.it\/it\/software-gestionali-passepartout\/#breadcrumb","itemListElement":[{"@type":"ListItem","position":1,"name":"Home","item":"https:\/\/www.itmaint.it\/it\/"},{"@type":"ListItem","position":2,"name":"Software gestionali Passepartout"}]}]}},"_links":{"self":[{"href":"https:\/\/www.itmaint.it\/it\/wp-json\/wp\/v2\/pages\/7"}],"collection":[{"href":"https:\/\/www.itmaint.it\/it\/wp-json\/wp\/v2\/pages"}],"about":[{"href":"https:\/\/www.itmaint.it\/it\/wp-json\/wp\/v2\/types\/page"}],"author":[{"embeddable":true,"href":"https:\/\/www.itmaint.it\/it\/wp-json\/wp\/v2\/users\/1"}],"replies":[{"embeddable":true,"href":"https:\/\/www.itmaint.it\/it\/wp-json\/wp\/v2\/comments?post=7"}],"version-history":[{"count":16,"href":"https:\/\/www.itmaint.it\/it\/wp-json\/wp\/v2\/pages\/7\/revisions"}],"predecessor-version":[{"id":136,"href":"https:\/\/www.itmaint.it\/it\/wp-json\/wp\/v2\/pages\/7\/revisions\/136"}],"wp:attachment":[{"href":"https:\/\/www.itmaint.it\/it\/wp-json\/wp\/v2\/media?parent=7"}],"curies":[{"name":"wp","href":"https:\/\/api.w.org\/{rel}","templated":true}]}}