{"id":47,"date":"2016-11-09T17:07:11","date_gmt":"2016-11-09T16:07:11","guid":{"rendered":"http:\/\/localhost\/itmaint\/?page_id=47"},"modified":"2017-01-03T16:56:46","modified_gmt":"2017-01-03T15:56:46","slug":"it-maint-alessandria","status":"publish","type":"page","link":"https:\/\/www.itmaint.it\/it\/it-maint-alessandria\/","title":{"rendered":"IT Maint: 20 anni di esperienza nell&#8217;IT"},"content":{"rendered":"<h2><span style=\"color: #808080;\">Siamo un team che opera nel mondo IT da oltre 20 anni e dal 2008 abbiamo scelto di avviare un nostro progetto.<\/span><\/h2>\n<p>IT Maint S.r.l. nasce e si sviluppa in Alessandria nel 2008 dalla PI Maint s.r.l., societ\u00e0 presente nel settore IT dall&#8217;inizio degli anni novanta e dalla quale ha ereditato esperienze, risorse e competenze. <strong>Ci siamo contraddistinti per la professionalit\u00e0 e per le scelte di qualit\u00e0<\/strong>.<\/p>\n<h3>La nostra storia.<\/h3>\n<p>Il nostro core business si sviluppa inizialmente in qualit\u00e0 di promotori di servizi basati sull\u2019assistenza hardware multimarca con la particolare qualifica di I.T. Expert su tutta la componentistica Hardware &amp; Software dei prodotti Compaq.<\/p>\n<p>Successivamente, rafforzati da un\u2019esperienza consolidata nel tempo, <strong>l&#8217;azienda sposta la propria area di lavoro sulla consulenza delle reti informatiche<\/strong> e sui principali sistemi operativi di rete pur mantenendo intatta la propria iniziale vocazione Hardware Services.<\/p>\n<p>Grazie ad un lungo periodo di collaborazione con la <strong>Cassa di Risparmio di Tortona<\/strong>, durato ben 7 anni, il Know-how aziendale si arricchisce anche nel campo dei servizi di informatizzazione bancari.<\/p>\n<p class=\"evidence\">Nel novembre del 2004 la societ\u00e0 decide di allargare i propri orizzonti imprenditoriali diventando Partner di una delle aziende pi\u00f9 affermate a livello nazionale nel settore dei <strong>software gestionali<\/strong> d\u2019impresa: <a href=\"https:\/\/www.passepartout.net\">PASSEPARTOUT S.A.<\/a><\/p>\n<p>Tutto ci\u00f2 \u00e8 stato possibile grazie alla stretta collaborazione con esperti del settore che garantiscono tutti i servizi di assistenza e consulenza sulle procedure gestionali della linea PASSEPARTOUT.<\/p>\n<h3>La nostra filosofia.<\/h3>\n<p><strong>Il nostro punto di partenza \u00e8 il Cliente. <\/strong>I principali obiettivi di IT Maint sono quelli di operare con le aziende che intendono realizzare progetti o attivit\u00e0 di business per le quali \u00e8 fondamentale il rapporto con un <strong>partner tecnologico, affidabile, qualificato e aperto alle continue innovazioni<\/strong>. Tutti aspetti nei quali crediamo e sui quali abbiamo creato la IT Maint.<\/p>\n<p><strong>Il punto di arrivo \u00e8 la sua soddisfazione. <\/strong>La nostra esperienza ci ha insegnato che ogni azienda ha esigenze e caratteristiche proprie e peculiari: ha la propria organizzazione, le proprie dinamiche e i propri processi decisionali ed operativi. Nessun cliente prescinde dalla competenza e dall\u2019affidabilit\u00e0 dei propri fornitori ma se si vuole assumere il ruolo di partner \u00e8 vitale saper trovare il modo con cui adattarsi alle esigenze ed alla struttura del proprio Cliente.<br \/>\nAttraverso un\u2019analisi mirata e uno studio approfondito dell\u2019attivit\u00e0 del Cliente, delle sue necessit\u00e0 e dei suoi obiettivi, ci proponiamo di risolvere le problematiche pi\u00f9 complesse adeguandoci alle mutevoli necessit\u00e0 espresse dal mercato.<\/p>\n","protected":false},"excerpt":{"rendered":"<p>Siamo un team che opera nel mondo IT da oltre 20 anni e dal 2008 abbiamo scelto di avviare un &hellip; <a href=\"https:\/\/www.itmaint.it\/it\/it-maint-alessandria\/\" class=\"more-link\">Leggi tutto<span class=\"screen-reader-text\"> &#8220;IT Maint: 20 anni di esperienza nell&#8217;IT&#8221;<\/span><\/a><\/p>\n","protected":false},"author":1,"featured_media":0,"parent":0,"menu_order":0,"comment_status":"closed","ping_status":"closed","template":"page_withIMG.php","meta":[],"acf":[],"yoast_head":"<!-- This site is optimized with the Yoast SEO plugin v19.4 - https:\/\/yoast.com\/wordpress\/plugins\/seo\/ -->\n<title>IT Maint: 20 anni di esperienza nell&#039;IT tra gestionali, networking e web.<\/title>\n<meta name=\"description\" content=\"Siamo un team esperti IT e dal 2008 abbiamo scelto di avviare un nostro progetto che unisce il gestionale Passepartout, le attivit\u00e0 di web agency e il networking.\" \/>\n<meta name=\"robots\" content=\"index, follow, max-snippet:-1, max-image-preview:large, max-video-preview:-1\" \/>\n<link rel=\"canonical\" href=\"https:\/\/www.itmaint.it\/it\/it-maint-alessandria\/\" \/>\n<meta property=\"og:locale\" content=\"it_IT\" \/>\n<meta property=\"og:type\" content=\"article\" \/>\n<meta property=\"og:title\" content=\"IT Maint: 20 anni di esperienza nell&#039;IT tra gestionali, networking e web.\" \/>\n<meta property=\"og:description\" content=\"Siamo un team esperti IT e dal 2008 abbiamo scelto di avviare un nostro progetto che unisce il gestionale Passepartout, le attivit\u00e0 di web agency e il networking.\" \/>\n<meta property=\"og:url\" content=\"https:\/\/www.itmaint.it\/it\/it-maint-alessandria\/\" \/>\n<meta property=\"article:modified_time\" content=\"2017-01-03T15:56:46+00:00\" \/>\n<meta name=\"twitter:card\" content=\"summary\" \/>\n<meta name=\"twitter:label1\" content=\"Tempo di lettura stimato\" \/>\n\t<meta name=\"twitter:data1\" content=\"2 minuti\" \/>\n<script type=\"application\/ld+json\" class=\"yoast-schema-graph\">{\"@context\":\"https:\/\/schema.org\",\"@graph\":[{\"@type\":\"Organization\",\"@id\":\"https:\/\/www.itmaint.it\/it\/#organization\",\"name\":\"IT Maint\",\"url\":\"https:\/\/www.itmaint.it\/it\/\",\"sameAs\":[],\"logo\":{\"@type\":\"ImageObject\",\"inLanguage\":\"it-IT\",\"@id\":\"https:\/\/www.itmaint.it\/it\/#\/schema\/logo\/image\/\",\"url\":\"https:\/\/www.itmaint.it\/it\/wp-content\/uploads\/2016\/12\/logo_ItMaint_3.png\",\"contentUrl\":\"https:\/\/www.itmaint.it\/it\/wp-content\/uploads\/2016\/12\/logo_ItMaint_3.png\",\"width\":353,\"height\":65,\"caption\":\"IT Maint\"},\"image\":{\"@id\":\"https:\/\/www.itmaint.it\/it\/#\/schema\/logo\/image\/\"}},{\"@type\":\"WebSite\",\"@id\":\"https:\/\/www.itmaint.it\/it\/#website\",\"url\":\"https:\/\/www.itmaint.it\/it\/\",\"name\":\"\",\"description\":\"Software gestionali, networking, web agency.\",\"publisher\":{\"@id\":\"https:\/\/www.itmaint.it\/it\/#organization\"},\"potentialAction\":[{\"@type\":\"SearchAction\",\"target\":{\"@type\":\"EntryPoint\",\"urlTemplate\":\"https:\/\/www.itmaint.it\/it\/?s={search_term_string}\"},\"query-input\":\"required name=search_term_string\"}],\"inLanguage\":\"it-IT\"},{\"@type\":\"WebPage\",\"@id\":\"https:\/\/www.itmaint.it\/it\/it-maint-alessandria\/\",\"url\":\"https:\/\/www.itmaint.it\/it\/it-maint-alessandria\/\",\"name\":\"IT Maint: 20 anni di esperienza nell'IT tra gestionali, networking e web.\",\"isPartOf\":{\"@id\":\"https:\/\/www.itmaint.it\/it\/#website\"},\"datePublished\":\"2016-11-09T16:07:11+00:00\",\"dateModified\":\"2017-01-03T15:56:46+00:00\",\"description\":\"Siamo un team esperti IT e dal 2008 abbiamo scelto di avviare un nostro progetto che unisce il gestionale Passepartout, le attivit\u00e0 di web agency e il networking.\",\"breadcrumb\":{\"@id\":\"https:\/\/www.itmaint.it\/it\/it-maint-alessandria\/#breadcrumb\"},\"inLanguage\":\"it-IT\",\"potentialAction\":[{\"@type\":\"ReadAction\",\"target\":[\"https:\/\/www.itmaint.it\/it\/it-maint-alessandria\/\"]}]},{\"@type\":\"BreadcrumbList\",\"@id\":\"https:\/\/www.itmaint.it\/it\/it-maint-alessandria\/#breadcrumb\",\"itemListElement\":[{\"@type\":\"ListItem\",\"position\":1,\"name\":\"Home\",\"item\":\"https:\/\/www.itmaint.it\/it\/\"},{\"@type\":\"ListItem\",\"position\":2,\"name\":\"IT Maint: 20 anni di esperienza nell&#8217;IT\"}]}]}<\/script>\n<!-- \/ Yoast SEO plugin. -->","yoast_head_json":{"title":"IT Maint: 20 anni di esperienza nell'IT tra gestionali, networking e web.","description":"Siamo un team esperti IT e dal 2008 abbiamo scelto di avviare un nostro progetto che unisce il gestionale Passepartout, le attivit\u00e0 di web agency e il networking.","robots":{"index":"index","follow":"follow","max-snippet":"max-snippet:-1","max-image-preview":"max-image-preview:large","max-video-preview":"max-video-preview:-1"},"canonical":"https:\/\/www.itmaint.it\/it\/it-maint-alessandria\/","og_locale":"it_IT","og_type":"article","og_title":"IT Maint: 20 anni di esperienza nell'IT tra gestionali, networking e web.","og_description":"Siamo un team esperti IT e dal 2008 abbiamo scelto di avviare un nostro progetto che unisce il gestionale Passepartout, le attivit\u00e0 di web agency e il networking.","og_url":"https:\/\/www.itmaint.it\/it\/it-maint-alessandria\/","article_modified_time":"2017-01-03T15:56:46+00:00","twitter_card":"summary","twitter_misc":{"Tempo di lettura stimato":"2 minuti"},"schema":{"@context":"https:\/\/schema.org","@graph":[{"@type":"Organization","@id":"https:\/\/www.itmaint.it\/it\/#organization","name":"IT Maint","url":"https:\/\/www.itmaint.it\/it\/","sameAs":[],"logo":{"@type":"ImageObject","inLanguage":"it-IT","@id":"https:\/\/www.itmaint.it\/it\/#\/schema\/logo\/image\/","url":"https:\/\/www.itmaint.it\/it\/wp-content\/uploads\/2016\/12\/logo_ItMaint_3.png","contentUrl":"https:\/\/www.itmaint.it\/it\/wp-content\/uploads\/2016\/12\/logo_ItMaint_3.png","width":353,"height":65,"caption":"IT Maint"},"image":{"@id":"https:\/\/www.itmaint.it\/it\/#\/schema\/logo\/image\/"}},{"@type":"WebSite","@id":"https:\/\/www.itmaint.it\/it\/#website","url":"https:\/\/www.itmaint.it\/it\/","name":"","description":"Software gestionali, networking, web agency.","publisher":{"@id":"https:\/\/www.itmaint.it\/it\/#organization"},"potentialAction":[{"@type":"SearchAction","target":{"@type":"EntryPoint","urlTemplate":"https:\/\/www.itmaint.it\/it\/?s={search_term_string}"},"query-input":"required name=search_term_string"}],"inLanguage":"it-IT"},{"@type":"WebPage","@id":"https:\/\/www.itmaint.it\/it\/it-maint-alessandria\/","url":"https:\/\/www.itmaint.it\/it\/it-maint-alessandria\/","name":"IT Maint: 20 anni di esperienza nell'IT tra gestionali, networking e web.","isPartOf":{"@id":"https:\/\/www.itmaint.it\/it\/#website"},"datePublished":"2016-11-09T16:07:11+00:00","dateModified":"2017-01-03T15:56:46+00:00","description":"Siamo un team esperti IT e dal 2008 abbiamo scelto di avviare un nostro progetto che unisce il gestionale Passepartout, le attivit\u00e0 di web agency e il networking.","breadcrumb":{"@id":"https:\/\/www.itmaint.it\/it\/it-maint-alessandria\/#breadcrumb"},"inLanguage":"it-IT","potentialAction":[{"@type":"ReadAction","target":["https:\/\/www.itmaint.it\/it\/it-maint-alessandria\/"]}]},{"@type":"BreadcrumbList","@id":"https:\/\/www.itmaint.it\/it\/it-maint-alessandria\/#breadcrumb","itemListElement":[{"@type":"ListItem","position":1,"name":"Home","item":"https:\/\/www.itmaint.it\/it\/"},{"@type":"ListItem","position":2,"name":"IT Maint: 20 anni di esperienza nell&#8217;IT"}]}]}},"_links":{"self":[{"href":"https:\/\/www.itmaint.it\/it\/wp-json\/wp\/v2\/pages\/47"}],"collection":[{"href":"https:\/\/www.itmaint.it\/it\/wp-json\/wp\/v2\/pages"}],"about":[{"href":"https:\/\/www.itmaint.it\/it\/wp-json\/wp\/v2\/types\/page"}],"author":[{"embeddable":true,"href":"https:\/\/www.itmaint.it\/it\/wp-json\/wp\/v2\/users\/1"}],"replies":[{"embeddable":true,"href":"https:\/\/www.itmaint.it\/it\/wp-json\/wp\/v2\/comments?post=47"}],"version-history":[{"count":17,"href":"https:\/\/www.itmaint.it\/it\/wp-json\/wp\/v2\/pages\/47\/revisions"}],"predecessor-version":[{"id":138,"href":"https:\/\/www.itmaint.it\/it\/wp-json\/wp\/v2\/pages\/47\/revisions\/138"}],"wp:attachment":[{"href":"https:\/\/www.itmaint.it\/it\/wp-json\/wp\/v2\/media?parent=47"}],"curies":[{"name":"wp","href":"https:\/\/api.w.org\/{rel}","templated":true}]}}