{"id":32,"date":"2016-10-18T09:48:03","date_gmt":"2016-10-18T07:48:03","guid":{"rendered":"http:\/\/localhost\/itmaint\/?page_id=32"},"modified":"2017-01-03T16:45:07","modified_gmt":"2017-01-03T15:45:07","slug":"sicurezza-e-networking","status":"publish","type":"page","link":"https:\/\/www.itmaint.it\/it\/sicurezza-e-networking\/","title":{"rendered":"Sicurezza e networking"},"content":{"rendered":"<p>Ci occupiamo della <strong>sicurezza delle reti<\/strong> di numerose aziende. Offriamo, grazie al supporto di dispositivi di elevata qualit\u00e0, soluzioni di sicurezza di rete ad alte prestazioni che permettono di proteggere la rete, gli utenti e i dati dalle minacce esterne.<\/p>\n<p class=\"evidence\">Siamo partner certificato Fortinet, il che ci permette di proporre una diversificata linea di prodotti e <strong>garantire ai nostri clienti la possibilit\u00e0 di adottare nuove tecnologie<\/strong> per perseguire le loro opportunit\u00e0 aziendali in totale sicurezza.<\/p>\n<p>Oggi le PMI devono affrontare problematiche tecnologiche come la mobilit\u00e0 dei dipendenti e dei collaboratori, le potenzialit\u00e0 e rischi del cloud, BYOD, la necessit\u00e0 di infrastrutture rapide e sicure.<\/p>\n<h3>Soluzioni per strutture complesse, aziende o grandi centri.<\/h3>\n<p>La serie top e tra le pi\u00f9 diffuse sul mercato offre <strong>prestazioni elevate e protezione da sofisticate minacce<\/strong> semplificando la rete: FortiGate UTM, NGFW e appliance per data center.<\/p>\n<h3>Soluzioni per piccoli uffici o negozi.<\/h3>\n<p>Sono le soluzioni di livello base per le reti dei piccoli uffici o dei negozi attraverso le appliance di prossima generazione di <strong>livello intermedio e fascia alta, firewall ad alte prestazioni<\/strong>: modelli FortiGate di appliance UTM base.<\/p>\n","protected":false},"excerpt":{"rendered":"<p>Ci occupiamo della sicurezza delle reti di numerose aziende. Offriamo, grazie al supporto di dispositivi di elevata qualit\u00e0, soluzioni di &hellip; <a href=\"https:\/\/www.itmaint.it\/it\/sicurezza-e-networking\/\" class=\"more-link\">Leggi tutto<span class=\"screen-reader-text\"> &#8220;Sicurezza e networking&#8221;<\/span><\/a><\/p>\n","protected":false},"author":1,"featured_media":0,"parent":0,"menu_order":0,"comment_status":"closed","ping_status":"closed","template":"page_withIMG.php","meta":[],"acf":[],"yoast_head":"<!-- This site is optimized with the Yoast SEO plugin v19.4 - https:\/\/yoast.com\/wordpress\/plugins\/seo\/ -->\n<title>Configurazione reti LAN, sicurezza dei dati aziendali e gestione area IT.<\/title>\n<meta name=\"description\" content=\"IT Maint. Gestiamo l&#039;area IT di aziende e professionisti e offriamo soluzioni di sicurezza di rete elevata per proteggere utenti e dati da minacce esterne.\" \/>\n<meta name=\"robots\" content=\"index, follow, max-snippet:-1, max-image-preview:large, max-video-preview:-1\" \/>\n<link rel=\"canonical\" href=\"https:\/\/www.itmaint.it\/it\/sicurezza-e-networking\/\" \/>\n<meta property=\"og:locale\" content=\"it_IT\" \/>\n<meta property=\"og:type\" content=\"article\" \/>\n<meta property=\"og:title\" content=\"Configurazione reti LAN, sicurezza dei dati aziendali e gestione area IT.\" \/>\n<meta property=\"og:description\" content=\"IT Maint. Gestiamo l&#039;area IT di aziende e professionisti e offriamo soluzioni di sicurezza di rete elevata per proteggere utenti e dati da minacce esterne.\" \/>\n<meta property=\"og:url\" content=\"https:\/\/www.itmaint.it\/it\/sicurezza-e-networking\/\" \/>\n<meta property=\"article:modified_time\" content=\"2017-01-03T15:45:07+00:00\" \/>\n<meta name=\"twitter:card\" content=\"summary\" \/>\n<meta name=\"twitter:label1\" content=\"Tempo di lettura stimato\" \/>\n\t<meta name=\"twitter:data1\" content=\"1 minuto\" \/>\n<script type=\"application\/ld+json\" class=\"yoast-schema-graph\">{\"@context\":\"https:\/\/schema.org\",\"@graph\":[{\"@type\":\"Organization\",\"@id\":\"https:\/\/www.itmaint.it\/it\/#organization\",\"name\":\"IT Maint\",\"url\":\"https:\/\/www.itmaint.it\/it\/\",\"sameAs\":[],\"logo\":{\"@type\":\"ImageObject\",\"inLanguage\":\"it-IT\",\"@id\":\"https:\/\/www.itmaint.it\/it\/#\/schema\/logo\/image\/\",\"url\":\"https:\/\/www.itmaint.it\/it\/wp-content\/uploads\/2016\/12\/logo_ItMaint_3.png\",\"contentUrl\":\"https:\/\/www.itmaint.it\/it\/wp-content\/uploads\/2016\/12\/logo_ItMaint_3.png\",\"width\":353,\"height\":65,\"caption\":\"IT Maint\"},\"image\":{\"@id\":\"https:\/\/www.itmaint.it\/it\/#\/schema\/logo\/image\/\"}},{\"@type\":\"WebSite\",\"@id\":\"https:\/\/www.itmaint.it\/it\/#website\",\"url\":\"https:\/\/www.itmaint.it\/it\/\",\"name\":\"\",\"description\":\"Software gestionali, networking, web agency.\",\"publisher\":{\"@id\":\"https:\/\/www.itmaint.it\/it\/#organization\"},\"potentialAction\":[{\"@type\":\"SearchAction\",\"target\":{\"@type\":\"EntryPoint\",\"urlTemplate\":\"https:\/\/www.itmaint.it\/it\/?s={search_term_string}\"},\"query-input\":\"required name=search_term_string\"}],\"inLanguage\":\"it-IT\"},{\"@type\":\"WebPage\",\"@id\":\"https:\/\/www.itmaint.it\/it\/sicurezza-e-networking\/\",\"url\":\"https:\/\/www.itmaint.it\/it\/sicurezza-e-networking\/\",\"name\":\"Configurazione reti LAN, sicurezza dei dati aziendali e gestione area IT.\",\"isPartOf\":{\"@id\":\"https:\/\/www.itmaint.it\/it\/#website\"},\"datePublished\":\"2016-10-18T07:48:03+00:00\",\"dateModified\":\"2017-01-03T15:45:07+00:00\",\"description\":\"IT Maint. Gestiamo l'area IT di aziende e professionisti e offriamo soluzioni di sicurezza di rete elevata per proteggere utenti e dati da minacce esterne.\",\"breadcrumb\":{\"@id\":\"https:\/\/www.itmaint.it\/it\/sicurezza-e-networking\/#breadcrumb\"},\"inLanguage\":\"it-IT\",\"potentialAction\":[{\"@type\":\"ReadAction\",\"target\":[\"https:\/\/www.itmaint.it\/it\/sicurezza-e-networking\/\"]}]},{\"@type\":\"BreadcrumbList\",\"@id\":\"https:\/\/www.itmaint.it\/it\/sicurezza-e-networking\/#breadcrumb\",\"itemListElement\":[{\"@type\":\"ListItem\",\"position\":1,\"name\":\"Home\",\"item\":\"https:\/\/www.itmaint.it\/it\/\"},{\"@type\":\"ListItem\",\"position\":2,\"name\":\"Sicurezza e networking\"}]}]}<\/script>\n<!-- \/ Yoast SEO plugin. -->","yoast_head_json":{"title":"Configurazione reti LAN, sicurezza dei dati aziendali e gestione area IT.","description":"IT Maint. Gestiamo l'area IT di aziende e professionisti e offriamo soluzioni di sicurezza di rete elevata per proteggere utenti e dati da minacce esterne.","robots":{"index":"index","follow":"follow","max-snippet":"max-snippet:-1","max-image-preview":"max-image-preview:large","max-video-preview":"max-video-preview:-1"},"canonical":"https:\/\/www.itmaint.it\/it\/sicurezza-e-networking\/","og_locale":"it_IT","og_type":"article","og_title":"Configurazione reti LAN, sicurezza dei dati aziendali e gestione area IT.","og_description":"IT Maint. Gestiamo l'area IT di aziende e professionisti e offriamo soluzioni di sicurezza di rete elevata per proteggere utenti e dati da minacce esterne.","og_url":"https:\/\/www.itmaint.it\/it\/sicurezza-e-networking\/","article_modified_time":"2017-01-03T15:45:07+00:00","twitter_card":"summary","twitter_misc":{"Tempo di lettura stimato":"1 minuto"},"schema":{"@context":"https:\/\/schema.org","@graph":[{"@type":"Organization","@id":"https:\/\/www.itmaint.it\/it\/#organization","name":"IT Maint","url":"https:\/\/www.itmaint.it\/it\/","sameAs":[],"logo":{"@type":"ImageObject","inLanguage":"it-IT","@id":"https:\/\/www.itmaint.it\/it\/#\/schema\/logo\/image\/","url":"https:\/\/www.itmaint.it\/it\/wp-content\/uploads\/2016\/12\/logo_ItMaint_3.png","contentUrl":"https:\/\/www.itmaint.it\/it\/wp-content\/uploads\/2016\/12\/logo_ItMaint_3.png","width":353,"height":65,"caption":"IT Maint"},"image":{"@id":"https:\/\/www.itmaint.it\/it\/#\/schema\/logo\/image\/"}},{"@type":"WebSite","@id":"https:\/\/www.itmaint.it\/it\/#website","url":"https:\/\/www.itmaint.it\/it\/","name":"","description":"Software gestionali, networking, web agency.","publisher":{"@id":"https:\/\/www.itmaint.it\/it\/#organization"},"potentialAction":[{"@type":"SearchAction","target":{"@type":"EntryPoint","urlTemplate":"https:\/\/www.itmaint.it\/it\/?s={search_term_string}"},"query-input":"required name=search_term_string"}],"inLanguage":"it-IT"},{"@type":"WebPage","@id":"https:\/\/www.itmaint.it\/it\/sicurezza-e-networking\/","url":"https:\/\/www.itmaint.it\/it\/sicurezza-e-networking\/","name":"Configurazione reti LAN, sicurezza dei dati aziendali e gestione area IT.","isPartOf":{"@id":"https:\/\/www.itmaint.it\/it\/#website"},"datePublished":"2016-10-18T07:48:03+00:00","dateModified":"2017-01-03T15:45:07+00:00","description":"IT Maint. Gestiamo l'area IT di aziende e professionisti e offriamo soluzioni di sicurezza di rete elevata per proteggere utenti e dati da minacce esterne.","breadcrumb":{"@id":"https:\/\/www.itmaint.it\/it\/sicurezza-e-networking\/#breadcrumb"},"inLanguage":"it-IT","potentialAction":[{"@type":"ReadAction","target":["https:\/\/www.itmaint.it\/it\/sicurezza-e-networking\/"]}]},{"@type":"BreadcrumbList","@id":"https:\/\/www.itmaint.it\/it\/sicurezza-e-networking\/#breadcrumb","itemListElement":[{"@type":"ListItem","position":1,"name":"Home","item":"https:\/\/www.itmaint.it\/it\/"},{"@type":"ListItem","position":2,"name":"Sicurezza e networking"}]}]}},"_links":{"self":[{"href":"https:\/\/www.itmaint.it\/it\/wp-json\/wp\/v2\/pages\/32"}],"collection":[{"href":"https:\/\/www.itmaint.it\/it\/wp-json\/wp\/v2\/pages"}],"about":[{"href":"https:\/\/www.itmaint.it\/it\/wp-json\/wp\/v2\/types\/page"}],"author":[{"embeddable":true,"href":"https:\/\/www.itmaint.it\/it\/wp-json\/wp\/v2\/users\/1"}],"replies":[{"embeddable":true,"href":"https:\/\/www.itmaint.it\/it\/wp-json\/wp\/v2\/comments?post=32"}],"version-history":[{"count":7,"href":"https:\/\/www.itmaint.it\/it\/wp-json\/wp\/v2\/pages\/32\/revisions"}],"predecessor-version":[{"id":114,"href":"https:\/\/www.itmaint.it\/it\/wp-json\/wp\/v2\/pages\/32\/revisions\/114"}],"wp:attachment":[{"href":"https:\/\/www.itmaint.it\/it\/wp-json\/wp\/v2\/media?parent=32"}],"curies":[{"name":"wp","href":"https:\/\/api.w.org\/{rel}","templated":true}]}}